{"id":29,"date":"2024-05-14T15:06:02","date_gmt":"2024-05-14T21:06:02","guid":{"rendered":"https:\/\/condesso.com\/home\/?page_id=29"},"modified":"2024-05-24T23:19:12","modified_gmt":"2024-05-25T05:19:12","slug":"psso-pprl","status":"publish","type":"page","link":"https:\/\/condesso.com\/home\/psso-pprl\/","title":{"rendered":"Plan de SSO \/ PRL"},"content":{"rendered":"\t\t<div data-elementor-type=\"wp-page\" data-elementor-id=\"29\" class=\"elementor elementor-29\" data-elementor-post-type=\"page\">\n\t\t\t\t<div class=\"elementor-element elementor-element-38f1c07 e-flex e-con-boxed e-con e-parent\" data-id=\"38f1c07\" data-element_type=\"container\" data-e-type=\"container\">\n\t\t\t\t\t<div class=\"e-con-inner\">\n\t\t\t\t<div class=\"elementor-element elementor-element-aa5b757 elementor-widget elementor-widget-heading\" data-id=\"aa5b757\" data-element_type=\"widget\" data-e-type=\"widget\" data-widget_type=\"heading.default\">\n\t\t\t\t<div class=\"elementor-widget-container\">\n\t\t\t\t\t<h1 class=\"elementor-heading-title elementor-size-default\">Plan de Salud y Seguridad Ocupacional <\/h1>\t\t\t\t<\/div>\n\t\t\t\t<\/div>\n\t\t\t\t<div class=\"elementor-element elementor-element-8cb08e6 elementor-widget elementor-widget-spacer\" data-id=\"8cb08e6\" data-element_type=\"widget\" data-e-type=\"widget\" data-widget_type=\"spacer.default\">\n\t\t\t\t<div class=\"elementor-widget-container\">\n\t\t\t\t\t\t\t<div class=\"elementor-spacer\">\n\t\t\t<div class=\"elementor-spacer-inner\"><\/div>\n\t\t<\/div>\n\t\t\t\t\t\t<\/div>\n\t\t\t\t<\/div>\n\t\t\t\t\t<\/div>\n\t\t\t\t<\/div>\n\t\t<div class=\"elementor-element elementor-element-0388c1f e-flex e-con-boxed e-con e-parent\" data-id=\"0388c1f\" data-element_type=\"container\" data-e-type=\"container\">\n\t\t\t\t\t<div class=\"e-con-inner\">\n\t\t<div class=\"elementor-element elementor-element-7f8fa01 e-con-full e-flex e-con e-child\" data-id=\"7f8fa01\" data-element_type=\"container\" data-e-type=\"container\">\n\t\t\t\t<div class=\"elementor-element elementor-element-93a2d89 elementor-widget elementor-widget-text-editor\" data-id=\"93a2d89\" data-element_type=\"widget\" data-e-type=\"widget\" data-widget_type=\"text-editor.default\">\n\t\t\t\t<div class=\"elementor-widget-container\">\n\t\t\t\t\t\t\t\t\t<h3><span style=\"font-family: arial, helvetica, sans-serif; font-size: 18pt;\"><strong>\u00bfQu\u00e9 es?<\/strong><\/span><\/h3><p><span style=\"font-size: 12pt;\"><span style=\"font-family: arial, helvetica, sans-serif;\">Es una herramienta elaborada por profesionales competentes, donde se debe integrar todas las acciones preventivas en una empresa que cuente con diez o m\u00e1s trabajadores.<br \/><\/span><span style=\"font-family: arial, helvetica, sans-serif;\">Seg\u00fan el art\u00edculo 5 del Acuerdo Gubernativo 57-2022, el Plan de Salud y Seguridad Ocupacional debe estar integrado por dos partes: El plan de Seguridad Ocupacional y el Plan de Salud Ocupacional.<\/span><\/span><br \/><span style=\"font-family: arial, helvetica, sans-serif; font-size: 12pt;\">El Plan de Salud y Seguridad Ocupacional debe ser elaborado y firmado por profesionales competentes en su \u00e1rea, registrados en el Departamento de Salud y Seguridad Ocupacional del Ministerio de Trabajo y previsi\u00f3n Social.<\/span><\/p>\t\t\t\t\t\t\t\t<\/div>\n\t\t\t\t<\/div>\n\t\t\t\t<\/div>\n\t\t<div class=\"elementor-element elementor-element-0d3b3ce e-con-full e-flex e-con e-child\" data-id=\"0d3b3ce\" data-element_type=\"container\" data-e-type=\"container\">\n\t\t\t\t<div class=\"elementor-element elementor-element-a450981 elementor-widget elementor-widget-spacer\" data-id=\"a450981\" data-element_type=\"widget\" data-e-type=\"widget\" data-widget_type=\"spacer.default\">\n\t\t\t\t<div class=\"elementor-widget-container\">\n\t\t\t\t\t\t\t<div class=\"elementor-spacer\">\n\t\t\t<div class=\"elementor-spacer-inner\"><\/div>\n\t\t<\/div>\n\t\t\t\t\t\t<\/div>\n\t\t\t\t<\/div>\n\t\t\t\t<div class=\"elementor-element elementor-element-243c437 elementor-widget elementor-widget-image\" data-id=\"243c437\" data-element_type=\"widget\" data-e-type=\"widget\" data-widget_type=\"image.default\">\n\t\t\t\t<div class=\"elementor-widget-container\">\n\t\t\t\t\t\t\t\t\t\t\t\t\t\t\t<img fetchpriority=\"high\" decoding=\"async\" width=\"1024\" height=\"576\" src=\"https:\/\/condesso.com\/home\/wp-content\/uploads\/2024\/05\/Img-PSSO-1024x576.jpeg\" class=\"attachment-large size-large wp-image-225\" alt=\"\" srcset=\"https:\/\/condesso.com\/home\/wp-content\/uploads\/2024\/05\/Img-PSSO-1024x576.jpeg 1024w, https:\/\/condesso.com\/home\/wp-content\/uploads\/2024\/05\/Img-PSSO-300x169.jpeg 300w, https:\/\/condesso.com\/home\/wp-content\/uploads\/2024\/05\/Img-PSSO-768x432.jpeg 768w, https:\/\/condesso.com\/home\/wp-content\/uploads\/2024\/05\/Img-PSSO.jpeg 1280w\" sizes=\"(max-width: 1024px) 100vw, 1024px\" \/>\t\t\t\t\t\t\t\t\t\t\t\t\t\t\t<\/div>\n\t\t\t\t<\/div>\n\t\t\t\t<\/div>\n\t\t\t\t\t<\/div>\n\t\t\t\t<\/div>\n\t\t<div class=\"elementor-element elementor-element-f952c48 e-flex e-con-boxed e-con e-parent\" data-id=\"f952c48\" data-element_type=\"container\" data-e-type=\"container\">\n\t\t\t\t\t<div class=\"e-con-inner\">\n\t\t\t\t<div class=\"elementor-element elementor-element-c20c6a5 elementor-widget elementor-widget-spacer\" data-id=\"c20c6a5\" data-element_type=\"widget\" data-e-type=\"widget\" data-widget_type=\"spacer.default\">\n\t\t\t\t<div class=\"elementor-widget-container\">\n\t\t\t\t\t\t\t<div class=\"elementor-spacer\">\n\t\t\t<div class=\"elementor-spacer-inner\"><\/div>\n\t\t<\/div>\n\t\t\t\t\t\t<\/div>\n\t\t\t\t<\/div>\n\t\t\t\t<div class=\"elementor-element elementor-element-fa9afa8 elementor-widget elementor-widget-heading\" data-id=\"fa9afa8\" data-element_type=\"widget\" data-e-type=\"widget\" data-widget_type=\"heading.default\">\n\t\t\t\t<div class=\"elementor-widget-container\">\n\t\t\t\t\t<h2 class=\"elementor-heading-title elementor-size-default\">\u00bfQu\u00e9 contiene el Plan de Salud y Seguridad Ocupacional?<\/h2>\t\t\t\t<\/div>\n\t\t\t\t<\/div>\n\t\t\t\t<div class=\"elementor-element elementor-element-485165a elementor-widget elementor-widget-spacer\" data-id=\"485165a\" data-element_type=\"widget\" data-e-type=\"widget\" data-widget_type=\"spacer.default\">\n\t\t\t\t<div class=\"elementor-widget-container\">\n\t\t\t\t\t\t\t<div class=\"elementor-spacer\">\n\t\t\t<div class=\"elementor-spacer-inner\"><\/div>\n\t\t<\/div>\n\t\t\t\t\t\t<\/div>\n\t\t\t\t<\/div>\n\t\t\t\t\t<\/div>\n\t\t\t\t<\/div>\n\t\t<div class=\"elementor-element elementor-element-06ccfe7 e-flex e-con-boxed e-con e-parent\" data-id=\"06ccfe7\" data-element_type=\"container\" data-e-type=\"container\">\n\t\t\t\t\t<div class=\"e-con-inner\">\n\t\t<div class=\"elementor-element elementor-element-10d76ba e-con-full e-flex e-con e-child\" data-id=\"10d76ba\" data-element_type=\"container\" data-e-type=\"container\">\n\t\t\t\t<div class=\"elementor-element elementor-element-d3bd67c elementor-widget elementor-widget-image\" data-id=\"d3bd67c\" data-element_type=\"widget\" data-e-type=\"widget\" data-widget_type=\"image.default\">\n\t\t\t\t<div class=\"elementor-widget-container\">\n\t\t\t\t\t\t\t\t\t\t\t\t\t\t\t<img decoding=\"async\" width=\"128\" height=\"128\" src=\"https:\/\/condesso.com\/home\/wp-content\/uploads\/2024\/05\/informacion-.png\" class=\"attachment-large size-large wp-image-282\" alt=\"\" srcset=\"https:\/\/condesso.com\/home\/wp-content\/uploads\/2024\/05\/informacion-.png 128w, https:\/\/condesso.com\/home\/wp-content\/uploads\/2024\/05\/informacion--53x53.png 53w\" sizes=\"(max-width: 128px) 100vw, 128px\" \/>\t\t\t\t\t\t\t\t\t\t\t\t\t\t\t<\/div>\n\t\t\t\t<\/div>\n\t\t\t\t<\/div>\n\t\t<div class=\"elementor-element elementor-element-f55b95c e-con-full e-flex e-con e-child\" data-id=\"f55b95c\" data-element_type=\"container\" data-e-type=\"container\">\n\t\t\t\t<div class=\"elementor-element elementor-element-67c98ca elementor-widget elementor-widget-text-editor\" data-id=\"67c98ca\" data-element_type=\"widget\" data-e-type=\"widget\" data-widget_type=\"text-editor.default\">\n\t\t\t\t<div class=\"elementor-widget-container\">\n\t\t\t\t\t\t\t\t\t<ul><li><h3 style=\"text-align: left;\"><span style=\"font-family: arial, helvetica, sans-serif; font-size: 14pt;\">Informaci\u00f3n General de la empresa:<\/span><\/h3><\/li><\/ul><p style=\"text-align: left;\"><span style=\"font-family: arial, helvetica, sans-serif; font-size: 12pt;\">Una descripci\u00f3n general de la informaci\u00f3n de la empresa, representante legal, actividad econ\u00f3mica, organigrama y cr\u00e9ditos profesionales.<\/span><\/p>\t\t\t\t\t\t\t\t<\/div>\n\t\t\t\t<\/div>\n\t\t\t\t<\/div>\n\t\t\t\t\t<\/div>\n\t\t\t\t<\/div>\n\t\t<div class=\"elementor-element elementor-element-ca4b259 e-flex e-con-boxed e-con e-parent\" data-id=\"ca4b259\" data-element_type=\"container\" data-e-type=\"container\">\n\t\t\t\t\t<div class=\"e-con-inner\">\n\t\t<div class=\"elementor-element elementor-element-de03e69 e-con-full e-flex e-con e-child\" data-id=\"de03e69\" data-element_type=\"container\" data-e-type=\"container\">\n\t\t\t\t<div class=\"elementor-element elementor-element-4f2ba13 elementor-widget elementor-widget-image\" data-id=\"4f2ba13\" data-element_type=\"widget\" data-e-type=\"widget\" data-widget_type=\"image.default\">\n\t\t\t\t<div class=\"elementor-widget-container\">\n\t\t\t\t\t\t\t\t\t\t\t\t\t\t\t<img decoding=\"async\" width=\"128\" height=\"128\" src=\"https:\/\/condesso.com\/home\/wp-content\/uploads\/2024\/05\/correcto-.png\" class=\"attachment-large size-large wp-image-287\" alt=\"\" srcset=\"https:\/\/condesso.com\/home\/wp-content\/uploads\/2024\/05\/correcto-.png 128w, https:\/\/condesso.com\/home\/wp-content\/uploads\/2024\/05\/correcto--53x53.png 53w\" sizes=\"(max-width: 128px) 100vw, 128px\" \/>\t\t\t\t\t\t\t\t\t\t\t\t\t\t\t<\/div>\n\t\t\t\t<\/div>\n\t\t\t\t<\/div>\n\t\t<div class=\"elementor-element elementor-element-4d3172b e-con-full e-flex e-con e-child\" data-id=\"4d3172b\" data-element_type=\"container\" data-e-type=\"container\">\n\t\t\t\t<div class=\"elementor-element elementor-element-fb17284 elementor-widget elementor-widget-text-editor\" data-id=\"fb17284\" data-element_type=\"widget\" data-e-type=\"widget\" data-widget_type=\"text-editor.default\">\n\t\t\t\t<div class=\"elementor-widget-container\">\n\t\t\t\t\t\t\t\t\t<ul><li><h3><span style=\"font-family: arial, helvetica, sans-serif; font-size: 14pt;\">Diagnostico empresarial:<\/span><\/h3><\/li><\/ul><p><span style=\"font-family: arial, helvetica, sans-serif; font-size: 12pt;\">Debe contener un perfil de puestos de trabajos, an\u00e1lisis del perfil de riesgos de los puestos de trabajo por medio de una metodolog\u00eda cualitativa o cuantitativa, un sistema de vigilancia epidemiol\u00f3gica para la investigaci\u00f3n de los accidentes laborales y las enfermedades ocupacional. Una matriz de Equipo de Protecci\u00f3n Personal tomando como referencia el an\u00e1lisis de riesgos por puesto de trabajo.<\/span><\/p>\t\t\t\t\t\t\t\t<\/div>\n\t\t\t\t<\/div>\n\t\t\t\t<\/div>\n\t\t\t\t\t<\/div>\n\t\t\t\t<\/div>\n\t\t<div class=\"elementor-element elementor-element-7947edd e-flex e-con-boxed e-con e-parent\" data-id=\"7947edd\" data-element_type=\"container\" data-e-type=\"container\">\n\t\t\t\t\t<div class=\"e-con-inner\">\n\t\t<div class=\"elementor-element elementor-element-e7d94ea e-con-full e-flex e-con e-child\" data-id=\"e7d94ea\" data-element_type=\"container\" data-e-type=\"container\">\n\t\t\t\t<div class=\"elementor-element elementor-element-f1a0748 elementor-widget elementor-widget-image\" data-id=\"f1a0748\" data-element_type=\"widget\" data-e-type=\"widget\" data-widget_type=\"image.default\">\n\t\t\t\t<div class=\"elementor-widget-container\">\n\t\t\t\t\t\t\t\t\t\t\t\t\t\t\t<img loading=\"lazy\" decoding=\"async\" width=\"128\" height=\"128\" src=\"https:\/\/condesso.com\/home\/wp-content\/uploads\/2024\/05\/proteger.png\" class=\"attachment-large size-large wp-image-281\" alt=\"\" srcset=\"https:\/\/condesso.com\/home\/wp-content\/uploads\/2024\/05\/proteger.png 128w, https:\/\/condesso.com\/home\/wp-content\/uploads\/2024\/05\/proteger-53x53.png 53w\" sizes=\"(max-width: 128px) 100vw, 128px\" \/>\t\t\t\t\t\t\t\t\t\t\t\t\t\t\t<\/div>\n\t\t\t\t<\/div>\n\t\t\t\t<\/div>\n\t\t<div class=\"elementor-element elementor-element-435749b e-con-full e-flex e-con e-child\" data-id=\"435749b\" data-element_type=\"container\" data-e-type=\"container\">\n\t\t\t\t<div class=\"elementor-element elementor-element-1320a09 elementor-widget elementor-widget-text-editor\" data-id=\"1320a09\" data-element_type=\"widget\" data-e-type=\"widget\" data-widget_type=\"text-editor.default\">\n\t\t\t\t<div class=\"elementor-widget-container\">\n\t\t\t\t\t\t\t\t\t<ul><li><h3><span style=\"font-family: arial, helvetica, sans-serif;\">Programa de Salud Ocupacional:<\/span><\/h3><\/li><\/ul><p><span style=\"font-family: arial, helvetica, sans-serif; font-size: 12pt;\">Basado en el an\u00e1lisis de riesgo previo, se debe implementar un plan para planificar, organizar, controlar y crear las condiciones de bienestar de los trabajadores en la empresa para salvaguardar su salud y su seguridad.<\/span><\/p>\t\t\t\t\t\t\t\t<\/div>\n\t\t\t\t<\/div>\n\t\t\t\t<\/div>\n\t\t\t\t\t<\/div>\n\t\t\t\t<\/div>\n\t\t<div class=\"elementor-element elementor-element-3741404 e-flex e-con-boxed e-con e-parent\" data-id=\"3741404\" data-element_type=\"container\" data-e-type=\"container\">\n\t\t\t\t\t<div class=\"e-con-inner\">\n\t\t<div class=\"elementor-element elementor-element-d69a0d1 e-con-full e-flex e-con e-child\" data-id=\"d69a0d1\" data-element_type=\"container\" data-e-type=\"container\">\n\t\t\t\t<div class=\"elementor-element elementor-element-125e3cf elementor-widget elementor-widget-image\" data-id=\"125e3cf\" data-element_type=\"widget\" data-e-type=\"widget\" data-widget_type=\"image.default\">\n\t\t\t\t<div class=\"elementor-widget-container\">\n\t\t\t\t\t\t\t\t\t\t\t\t\t\t\t<img loading=\"lazy\" decoding=\"async\" width=\"128\" height=\"128\" src=\"https:\/\/condesso.com\/home\/wp-content\/uploads\/2024\/05\/calendario.png\" class=\"attachment-large size-large wp-image-283\" alt=\"\" srcset=\"https:\/\/condesso.com\/home\/wp-content\/uploads\/2024\/05\/calendario.png 128w, https:\/\/condesso.com\/home\/wp-content\/uploads\/2024\/05\/calendario-53x53.png 53w\" sizes=\"(max-width: 128px) 100vw, 128px\" \/>\t\t\t\t\t\t\t\t\t\t\t\t\t\t\t<\/div>\n\t\t\t\t<\/div>\n\t\t\t\t<\/div>\n\t\t<div class=\"elementor-element elementor-element-65ec290 e-con-full e-flex e-con e-child\" data-id=\"65ec290\" data-element_type=\"container\" data-e-type=\"container\">\n\t\t\t\t<div class=\"elementor-element elementor-element-4db7031 elementor-widget elementor-widget-text-editor\" data-id=\"4db7031\" data-element_type=\"widget\" data-e-type=\"widget\" data-widget_type=\"text-editor.default\">\n\t\t\t\t<div class=\"elementor-widget-container\">\n\t\t\t\t\t\t\t\t\t<ul><li><h3><span style=\"font-family: arial, helvetica, sans-serif;\">Programaci\u00f3n y metodolog\u00eda para la informaci\u00f3n, formaci\u00f3n y promoci\u00f3n de las medidas preventivas:<\/span><\/h3><\/li><\/ul><p><span style=\"font-family: arial, helvetica, sans-serif; font-size: 12pt;\">La implementaci\u00f3n de un programa de formaci\u00f3n se planificar\u00e1 atendiendo las carencias formativas detectadas en el an\u00e1lisis de riesgos por puesto de trabajo, accidentes de trabajo.<\/span><\/p>\t\t\t\t\t\t\t\t<\/div>\n\t\t\t\t<\/div>\n\t\t\t\t<\/div>\n\t\t\t\t\t<\/div>\n\t\t\t\t<\/div>\n\t\t\t\t<\/div>\n\t\t","protected":false},"excerpt":{"rendered":"<p>Plan de Salud y Seguridad Ocupacional \u00bfQu\u00e9 es? Es una herramienta elaborada por profesionales competentes, donde se debe integrar todas las acciones preventivas en una empresa que cuente con diez o m\u00e1s trabajadores.Seg\u00fan el art\u00edculo 5 del Acuerdo Gubernativo 57-2022, el Plan de Salud y Seguridad Ocupacional debe estar integrado por dos partes: El plan [&hellip;]<\/p>\n","protected":false},"author":1,"featured_media":0,"parent":0,"menu_order":2,"comment_status":"closed","ping_status":"closed","template":"","meta":{"footnotes":""},"class_list":["post-29","page","type-page","status-publish","hentry"],"_links":{"self":[{"href":"https:\/\/condesso.com\/home\/wp-json\/wp\/v2\/pages\/29","targetHints":{"allow":["GET"]}}],"collection":[{"href":"https:\/\/condesso.com\/home\/wp-json\/wp\/v2\/pages"}],"about":[{"href":"https:\/\/condesso.com\/home\/wp-json\/wp\/v2\/types\/page"}],"author":[{"embeddable":true,"href":"https:\/\/condesso.com\/home\/wp-json\/wp\/v2\/users\/1"}],"replies":[{"embeddable":true,"href":"https:\/\/condesso.com\/home\/wp-json\/wp\/v2\/comments?post=29"}],"version-history":[{"count":88,"href":"https:\/\/condesso.com\/home\/wp-json\/wp\/v2\/pages\/29\/revisions"}],"predecessor-version":[{"id":915,"href":"https:\/\/condesso.com\/home\/wp-json\/wp\/v2\/pages\/29\/revisions\/915"}],"wp:attachment":[{"href":"https:\/\/condesso.com\/home\/wp-json\/wp\/v2\/media?parent=29"}],"curies":[{"name":"wp","href":"https:\/\/api.w.org\/{rel}","templated":true}]}}